{"id":1620,"date":"2019-07-14T21:55:56","date_gmt":"2019-07-14T19:55:56","guid":{"rendered":"https:\/\/www.camillebarennes.com\/?page_id=1620"},"modified":"2020-12-12T21:13:05","modified_gmt":"2020-12-12T19:13:05","slug":"camille-barennes","status":"publish","type":"page","link":"https:\/\/www.camillebarennes.com\/","title":{"rendered":"Camille Barennes"},"content":{"rendered":"<div class='row'><div style='padding-bottom:30px;' class='span12 first-module module_number_1 module_cont  module_portfolio'><ul class=\"optionset\" data-option-key=\"filter\">\r\n            <li class=\"grid_masonry_view\"><\/li>\r\n            <li class=\"inline_view\"><\/li>\r\n            <li class=\"selected\"><a data-option-value=\"*\" href=\"#filter\">All<\/a><\/li>\r\n            <li ><a href=\"#filter\" data-option-value=\".branding\" title=\"View all post filed under \">Branding<\/a>\r\n                <\/li> <li ><a href=\"#filter\" data-option-value=\".content\" title=\"View all post filed under \">Content<\/a>\r\n                <\/li> <li ><a href=\"#filter\" data-option-value=\".event\" title=\"View all post filed under \">Event<\/a>\r\n                <\/li> <li ><a href=\"#filter\" data-option-value=\".infographic\" title=\"View all post filed under \">Infographic<\/a>\r\n                <\/li> <li ><a href=\"#filter\" data-option-value=\".print\" title=\"View all post filed under \">Print<\/a>\r\n                <\/li> <li ><a href=\"#filter\" data-option-value=\".web\" title=\"View all post filed under \">Web<\/a>\r\n                <\/li><\/ul><div class=\"portfolio_block grid\"><div class=\"portwrap now_grid_masonry_view isotope_init isotope_preloader\">\r\n                        <div data-category=\"branding event \" class=\"branding event  element portfolio_item item\">\r\n                            <div class=\"innerpadding\">\r\n                                <div class=\"portfolio_item_img featured_item_fadder\">\r\n                                    <a  href=\"https:\/\/www.camillebarennes.com\/?port=personalize-convert-2022\">\r\n                                        <img src=\"https:\/\/www.camillebarennes.com\/wp-content\/uploads\/2022\/02\/Personalize-and-Convert_2022_01-1-1170x960.png\" alt=\"\">\r\n                                    <\/a>\r\n                                <\/div>\r\n                                <a class=\"portfolio_item_title\" href=\"https:\/\/www.camillebarennes.com\/?port=personalize-convert-2022\"><h4>Personalize &#038; Convert 2022<\/h4><\/a>\r\n                                <div class=\"preview_categ\"><a href=\"https:\/\/www.camillebarennes.com\/?portcat=branding\">Branding<\/a>, <a href=\"https:\/\/www.camillebarennes.com\/?portcat=event\">Event<\/a><\/div>\r\n                            <\/div>\r\n                        <\/div>\r\n                    \r\n                        <div data-category=\"content \" class=\"content  element portfolio_item item\">\r\n                            <div class=\"innerpadding\">\r\n                                <div class=\"portfolio_item_img featured_item_fadder\">\r\n                                    <a  href=\"https:\/\/www.camillebarennes.com\/?port=success-stories\">\r\n                                        <img src=\"https:\/\/www.camillebarennes.com\/wp-content\/uploads\/2022\/02\/Success-stories_01-1170x960.jpg\" alt=\"\">\r\n                                    <\/a>\r\n                                <\/div>\r\n                                <a class=\"portfolio_item_title\" href=\"https:\/\/www.camillebarennes.com\/?port=success-stories\"><h4>Success stories Kameleoon<\/h4><\/a>\r\n                                <div class=\"preview_categ\"><a href=\"https:\/\/www.camillebarennes.com\/?portcat=content\">Content<\/a><\/div>\r\n                            <\/div>\r\n                        <\/div>\r\n                    \r\n                        <div data-category=\"content web \" class=\"content web  element portfolio_item item\">\r\n                            <div class=\"innerpadding\">\r\n                                <div class=\"portfolio_item_img featured_item_fadder\">\r\n                                    <a  href=\"https:\/\/www.camillebarennes.com\/?port=guide-de-la-b-testing-kameleoon\">\r\n                                        <img src=\"https:\/\/www.camillebarennes.com\/wp-content\/uploads\/2022\/02\/Guide_AB-testing_01-1170x960.jpg\" alt=\"\">\r\n                                    <\/a>\r\n                                <\/div>\r\n                                <a class=\"portfolio_item_title\" href=\"https:\/\/www.camillebarennes.com\/?port=guide-de-la-b-testing-kameleoon\"><h4>Guide de l&rsquo;A\/B testing Kameleoon<\/h4><\/a>\r\n                                <div class=\"preview_categ\"><a href=\"https:\/\/www.camillebarennes.com\/?portcat=content\">Content<\/a>, <a href=\"https:\/\/www.camillebarennes.com\/?portcat=web\">Web<\/a><\/div>\r\n                            <\/div>\r\n                        <\/div>\r\n                    \r\n                        <div data-category=\"content web \" class=\"content web  element portfolio_item item\">\r\n                            <div class=\"innerpadding\">\r\n                                <div class=\"portfolio_item_img featured_item_fadder\">\r\n                                    <a  href=\"https:\/\/www.camillebarennes.com\/?port=etude-avis-verifies\">\r\n                                        <img src=\"https:\/\/www.camillebarennes.com\/wp-content\/uploads\/2021\/02\/etude_Avis-Verifies_02-1170x960.png\" alt=\"\">\r\n                                    <\/a>\r\n                                <\/div>\r\n                                <a class=\"portfolio_item_title\" href=\"https:\/\/www.camillebarennes.com\/?port=etude-avis-verifies\"><h4>\u00c9tude Avis V\u00e9rifi\u00e9s<\/h4><\/a>\r\n                                <div class=\"preview_categ\"><a href=\"https:\/\/www.camillebarennes.com\/?portcat=content\">Content<\/a>, <a href=\"https:\/\/www.camillebarennes.com\/?portcat=web\">Web<\/a><\/div>\r\n                            <\/div>\r\n                        <\/div>\r\n                    \r\n                        <div data-category=\"content web \" class=\"content web  element portfolio_item item\">\r\n                            <div class=\"innerpadding\">\r\n                                <div class=\"portfolio_item_img featured_item_fadder\">\r\n                                    <a  href=\"https:\/\/www.camillebarennes.com\/?port=ebook-experimentation\">\r\n                                        <img src=\"https:\/\/www.camillebarennes.com\/wp-content\/uploads\/2020\/11\/Header-1170x960.png\" alt=\"\">\r\n                                    <\/a>\r\n                                <\/div>\r\n                                <a class=\"portfolio_item_title\" href=\"https:\/\/www.camillebarennes.com\/?port=ebook-experimentation\"><h4>Ebook Experimentation Kameleoon<\/h4><\/a>\r\n                                <div class=\"preview_categ\"><a href=\"https:\/\/www.camillebarennes.com\/?portcat=content\">Content<\/a>, <a href=\"https:\/\/www.camillebarennes.com\/?portcat=web\">Web<\/a><\/div>\r\n                            <\/div>\r\n                        <\/div>\r\n                    \r\n                        <div data-category=\"infographic web \" class=\"infographic web  element portfolio_item item\">\r\n                            <div class=\"innerpadding\">\r\n                                <div class=\"portfolio_item_img featured_item_fadder\">\r\n                                    <a  href=\"https:\/\/www.camillebarennes.com\/?port=infographie-covid-19\">\r\n                                        <img src=\"https:\/\/www.camillebarennes.com\/wp-content\/uploads\/2020\/05\/Header-1170x960.png\" alt=\"\">\r\n                                    <\/a>\r\n                                <\/div>\r\n                                <a class=\"portfolio_item_title\" href=\"https:\/\/www.camillebarennes.com\/?port=infographie-covid-19\"><h4>Infographie Covid-19<\/h4><\/a>\r\n                                <div class=\"preview_categ\"><a href=\"https:\/\/www.camillebarennes.com\/?portcat=infographic\">Infographic<\/a>, <a href=\"https:\/\/www.camillebarennes.com\/?portcat=web\">Web<\/a><\/div>\r\n                            <\/div>\r\n                        <\/div>\r\n                    \r\n                        <div data-category=\"content print web \" class=\"content print web  element portfolio_item item\">\r\n                            <div class=\"innerpadding\">\r\n                                <div class=\"portfolio_item_img featured_item_fadder\">\r\n                                    <a  href=\"https:\/\/www.camillebarennes.com\/?port=livre-blanc-de-la-personnalisation\">\r\n                                        <img src=\"https:\/\/www.camillebarennes.com\/wp-content\/uploads\/2022\/02\/Livre-blanc_Personnalisation_01-1170x960.jpg\" alt=\"\">\r\n                                    <\/a>\r\n                                <\/div>\r\n                                <a class=\"portfolio_item_title\" href=\"https:\/\/www.camillebarennes.com\/?port=livre-blanc-de-la-personnalisation\"><h4>Livre blanc Personnalisation Kameleoon<\/h4><\/a>\r\n                                <div class=\"preview_categ\"><a href=\"https:\/\/www.camillebarennes.com\/?portcat=content\">Content<\/a>, <a href=\"https:\/\/www.camillebarennes.com\/?portcat=print\">Print<\/a>, <a href=\"https:\/\/www.camillebarennes.com\/?portcat=web\">Web<\/a><\/div>\r\n                            <\/div>\r\n                        <\/div>\r\n                    \r\n                        <div data-category=\"web \" class=\"web  element portfolio_item item\">\r\n                            <div class=\"innerpadding\">\r\n                                <div class=\"portfolio_item_img featured_item_fadder\">\r\n                                    <a  href=\"https:\/\/www.camillebarennes.com\/?port=landing-page-mention\">\r\n                                        <img src=\"https:\/\/www.camillebarennes.com\/wp-content\/uploads\/2020\/12\/Header-1-1170x960.png\" alt=\"\">\r\n                                    <\/a>\r\n                                <\/div>\r\n                                <a class=\"portfolio_item_title\" href=\"https:\/\/www.camillebarennes.com\/?port=landing-page-mention\"><h4>Landing page Mention<\/h4><\/a>\r\n                                <div class=\"preview_categ\"><a href=\"https:\/\/www.camillebarennes.com\/?portcat=web\">Web<\/a><\/div>\r\n                            <\/div>\r\n                        <\/div>\r\n                    \r\n                        <div data-category=\"infographic web \" class=\"infographic web  element portfolio_item item\">\r\n                            <div class=\"innerpadding\">\r\n                                <div class=\"portfolio_item_img featured_item_fadder\">\r\n                                    <a  href=\"https:\/\/www.camillebarennes.com\/?port=infographie-retrospective-pour-kameleoon\">\r\n                                        <img src=\"https:\/\/www.camillebarennes.com\/wp-content\/uploads\/2020\/12\/Header-1170x960.png\" alt=\"\">\r\n                                    <\/a>\r\n                                <\/div>\r\n                                <a class=\"portfolio_item_title\" href=\"https:\/\/www.camillebarennes.com\/?port=infographie-retrospective-pour-kameleoon\"><h4>Infographie r\u00e9trospective Kameleoon<\/h4><\/a>\r\n                                <div class=\"preview_categ\"><a href=\"https:\/\/www.camillebarennes.com\/?portcat=infographic\">Infographic<\/a>, <a href=\"https:\/\/www.camillebarennes.com\/?portcat=web\">Web<\/a><\/div>\r\n                            <\/div>\r\n                        <\/div>\r\n                    \r\n                        <div data-category=\"branding print web \" class=\"branding print web  element portfolio_item item\">\r\n                            <div class=\"innerpadding\">\r\n                                <div class=\"portfolio_item_img featured_item_fadder\">\r\n                                    <a  href=\"https:\/\/www.camillebarennes.com\/?port=test\">\r\n                                        <img src=\"https:\/\/www.camillebarennes.com\/wp-content\/uploads\/2020\/05\/Header-2-1170x960.png\" alt=\"\">\r\n                                    <\/a>\r\n                                <\/div>\r\n                                <a class=\"portfolio_item_title\" href=\"https:\/\/www.camillebarennes.com\/?port=test\"><h4>Branding Kameleoon<\/h4><\/a>\r\n                                <div class=\"preview_categ\"><a href=\"https:\/\/www.camillebarennes.com\/?portcat=branding\">Branding<\/a>, <a href=\"https:\/\/www.camillebarennes.com\/?portcat=print\">Print<\/a>, <a href=\"https:\/\/www.camillebarennes.com\/?portcat=web\">Web<\/a><\/div>\r\n                            <\/div>\r\n                        <\/div>\r\n                    \r\n                        <div data-category=\"branding content print \" class=\"branding content print  element portfolio_item item\">\r\n                            <div class=\"innerpadding\">\r\n                                <div class=\"portfolio_item_img featured_item_fadder\">\r\n                                    <a  href=\"https:\/\/www.camillebarennes.com\/?port=personalize-convert\">\r\n                                        <img src=\"https:\/\/www.camillebarennes.com\/wp-content\/uploads\/2021\/01\/Personalize-and-Convert_01-1170x960.jpg\" alt=\"\">\r\n                                    <\/a>\r\n                                <\/div>\r\n                                <a class=\"portfolio_item_title\" href=\"https:\/\/www.camillebarennes.com\/?port=personalize-convert\"><h4>Personalize &#038; Convert 2019<\/h4><\/a>\r\n                                <div class=\"preview_categ\"><a href=\"https:\/\/www.camillebarennes.com\/?portcat=branding\">Branding<\/a>, <a href=\"https:\/\/www.camillebarennes.com\/?portcat=content\">Content<\/a>, <a href=\"https:\/\/www.camillebarennes.com\/?portcat=print\">Print<\/a><\/div>\r\n                            <\/div>\r\n                        <\/div>\r\n                    \r\n                        <div data-category=\"branding print \" class=\"branding print  element portfolio_item item\">\r\n                            <div class=\"innerpadding\">\r\n                                <div class=\"portfolio_item_img featured_item_fadder\">\r\n                                    <a  href=\"https:\/\/www.camillebarennes.com\/?port=personal-branding\">\r\n                                        <img src=\"https:\/\/www.camillebarennes.com\/wp-content\/uploads\/2021\/01\/personal-branding_01-1170x960.jpg\" alt=\"\">\r\n                                    <\/a>\r\n                                <\/div>\r\n                                <a class=\"portfolio_item_title\" href=\"https:\/\/www.camillebarennes.com\/?port=personal-branding\"><h4>Personal branding<\/h4><\/a>\r\n                                <div class=\"preview_categ\"><a href=\"https:\/\/www.camillebarennes.com\/?portcat=branding\">Branding<\/a>, <a href=\"https:\/\/www.camillebarennes.com\/?portcat=print\">Print<\/a><\/div>\r\n                            <\/div>\r\n                        <\/div>\r\n                    \r\n                        <div data-category=\"web \" class=\"web  element portfolio_item item\">\r\n                            <div class=\"innerpadding\">\r\n                                <div class=\"portfolio_item_img featured_item_fadder\">\r\n                                    <a  href=\"https:\/\/www.camillebarennes.com\/?port=site-trustpair\">\r\n                                        <img src=\"https:\/\/www.camillebarennes.com\/wp-content\/uploads\/2021\/01\/site_Trustpair_01-1170x960.jpg\" alt=\"\">\r\n                                    <\/a>\r\n                                <\/div>\r\n                                <a class=\"portfolio_item_title\" href=\"https:\/\/www.camillebarennes.com\/?port=site-trustpair\"><h4>Site Trustpair<\/h4><\/a>\r\n                                <div class=\"preview_categ\"><a href=\"https:\/\/www.camillebarennes.com\/?portcat=web\">Web<\/a><\/div>\r\n                            <\/div>\r\n                        <\/div>\r\n                    \r\n                        <div data-category=\"infographic web \" class=\"infographic web  element portfolio_item item\">\r\n                            <div class=\"innerpadding\">\r\n                                <div class=\"portfolio_item_img featured_item_fadder\">\r\n                                    <a  href=\"https:\/\/www.camillebarennes.com\/?port=infographie-docusign\">\r\n                                        <img src=\"https:\/\/www.camillebarennes.com\/wp-content\/uploads\/2019\/07\/infographie-Docusign-1170x960.jpg\" alt=\"\">\r\n                                    <\/a>\r\n                                <\/div>\r\n                                <a class=\"portfolio_item_title\" href=\"https:\/\/www.camillebarennes.com\/?port=infographie-docusign\"><h4>Infographie Docusign<\/h4><\/a>\r\n                                <div class=\"preview_categ\"><a href=\"https:\/\/www.camillebarennes.com\/?portcat=infographic\">Infographic<\/a>, <a href=\"https:\/\/www.camillebarennes.com\/?portcat=web\">Web<\/a><\/div>\r\n                            <\/div>\r\n                        <\/div>\r\n                    \r\n                        <div data-category=\"content print \" class=\"content print  element portfolio_item item\">\r\n                            <div class=\"innerpadding\">\r\n                                <div class=\"portfolio_item_img featured_item_fadder\">\r\n                                    <a  href=\"https:\/\/www.camillebarennes.com\/?port=livre-blanc-youlovewords\">\r\n                                        <img src=\"https:\/\/www.camillebarennes.com\/wp-content\/uploads\/2019\/07\/livre-blanc-YLW-1-1170x960.jpg\" alt=\"\">\r\n                                    <\/a>\r\n                                <\/div>\r\n                                <a class=\"portfolio_item_title\" href=\"https:\/\/www.camillebarennes.com\/?port=livre-blanc-youlovewords\"><h4>Livre blanc YouLoveWords<\/h4><\/a>\r\n                                <div class=\"preview_categ\"><a href=\"https:\/\/www.camillebarennes.com\/?portcat=content\">Content<\/a>, <a href=\"https:\/\/www.camillebarennes.com\/?portcat=print\">Print<\/a><\/div>\r\n                            <\/div>\r\n                        <\/div>\r\n                    <div class=\"clear\"><\/div><\/div><\/div><\/div><!-- .module_cont --><\/div>","protected":false},"excerpt":{"rendered":"","protected":false},"author":1,"featured_media":1192,"parent":0,"menu_order":0,"comment_status":"closed","ping_status":"closed","template":"","meta":[],"_links":{"self":[{"href":"https:\/\/www.camillebarennes.com\/index.php?rest_route=\/wp\/v2\/pages\/1620"}],"collection":[{"href":"https:\/\/www.camillebarennes.com\/index.php?rest_route=\/wp\/v2\/pages"}],"about":[{"href":"https:\/\/www.camillebarennes.com\/index.php?rest_route=\/wp\/v2\/types\/page"}],"author":[{"embeddable":true,"href":"https:\/\/www.camillebarennes.com\/index.php?rest_route=\/wp\/v2\/users\/1"}],"replies":[{"embeddable":true,"href":"https:\/\/www.camillebarennes.com\/index.php?rest_route=%2Fwp%2Fv2%2Fcomments&post=1620"}],"version-history":[{"count":62,"href":"https:\/\/www.camillebarennes.com\/index.php?rest_route=\/wp\/v2\/pages\/1620\/revisions"}],"predecessor-version":[{"id":1869,"href":"https:\/\/www.camillebarennes.com\/index.php?rest_route=\/wp\/v2\/pages\/1620\/revisions\/1869"}],"wp:featuredmedia":[{"embeddable":true,"href":"https:\/\/www.camillebarennes.com\/index.php?rest_route=\/wp\/v2\/media\/1192"}],"wp:attachment":[{"href":"https:\/\/www.camillebarennes.com\/index.php?rest_route=%2Fwp%2Fv2%2Fmedia&parent=1620"}],"curies":[{"name":"wp","href":"https:\/\/api.w.org\/{rel}","templated":true}]}}